{"id":3647,"date":"2024-08-27T08:04:29","date_gmt":"2024-08-27T08:04:29","guid":{"rendered":"https:\/\/www.cs-diagnostics.com\/?page_id=3647"},"modified":"2024-08-27T09:32:31","modified_gmt":"2024-08-27T09:32:31","slug":"impressum","status":"publish","type":"page","link":"https:\/\/cs-diagnostics.com\/de\/imprint\/","title":{"rendered":"Impressum"},"content":{"rendered":"<style>.elementor-3647 .elementor-element.elementor-element-512de31{--display:flex;--flex-direction:column;--container-widget-width:100%;--container-widget-height:initial;--container-widget-flex-grow:0;--container-widget-align-self:initial;--flex-wrap-mobile:wrap;--margin-top:2px;--margin-bottom:0px;--margin-left:0px;--margin-right:0px;}.elementor-3647 .elementor-element.elementor-element-93524bf{--spacer-size:134px;}.elementor-3647 .elementor-element.elementor-element-cbc925b{--display:flex;--margin-top:50px;--margin-bottom:50px;--margin-left:0px;--margin-right:0px;}.elementor-3647 .elementor-element.elementor-element-7d3ff5d{font-family:var( --e-global-typography-text-font-family ), Sans-serif;font-size:var( --e-global-typography-text-font-size );font-weight:var( --e-global-typography-text-font-weight );line-height:var( --e-global-typography-text-line-height );color:var( --e-global-color-daa398f );}:root{--page-title-display:none;}@media(max-width:1024px){.elementor-3647 .elementor-element.elementor-element-7d3ff5d{font-size:var( --e-global-typography-text-font-size );line-height:var( --e-global-typography-text-line-height );}}@media(max-width:767px){.elementor-3647 .elementor-element.elementor-element-7d3ff5d{font-size:var( --e-global-typography-text-font-size );line-height:var( --e-global-typography-text-line-height );}}<\/style>\t\t<div data-elementor-type=\"wp-page\" data-elementor-id=\"3647\" class=\"elementor elementor-3647\" data-elementor-post-type=\"page\">\n\t\t\t\t<div class=\"elementor-element elementor-element-512de31 e-flex e-con-boxed e-con e-parent\" data-id=\"512de31\" data-element_type=\"container\">\n\t\t\t\t\t<div class=\"e-con-inner\">\n\t\t\t\t<div class=\"elementor-element elementor-element-93524bf elementor-widget elementor-widget-spacer\" data-id=\"93524bf\" data-element_type=\"widget\" data-widget_type=\"spacer.default\">\n\t\t\t\t<div class=\"elementor-widget-container\">\n\t\t\t\t\t\t\t<div class=\"elementor-spacer\">\n\t\t\t<div class=\"elementor-spacer-inner\"><\/div>\n\t\t<\/div>\n\t\t\t\t\t\t<\/div>\n\t\t\t\t<\/div>\n\t\t\t\t\t<\/div>\n\t\t\t\t<\/div>\n\t\t<div class=\"elementor-element elementor-element-cbc925b e-flex e-con-boxed e-con e-parent\" data-id=\"cbc925b\" data-element_type=\"container\">\n\t\t\t\t\t<div class=\"e-con-inner\">\n\t\t\t\t<div class=\"elementor-element elementor-element-7d3ff5d elementor-widget elementor-widget-text-editor\" data-id=\"7d3ff5d\" data-element_type=\"widget\" data-widget_type=\"text-editor.default\">\n\t\t\t\t<div class=\"elementor-widget-container\">\n\t\t\t\t\t\t\t\t\t<h3><span style=\"color: #000000;\">Impressum<\/span><\/h3><p>CS Diagnostics Pharma GmbH<br \/>M\u00fcller-zu-Bruck-Str. 12<br \/>83052 Bruckm\u00fchl<\/p><p>Handelsregister: HRB 17610<br \/>Registergericht: Amtsgericht Traunstein<\/p><p><strong>Vertreten durch:<\/strong><br \/>Thomas Fahrh\u00f6fer<\/p><p><br \/><strong>Kontakt<\/strong><br \/>Telefon: +49 8062 728 0880<br \/>E-Mail: service@cs-diagnostics.com<\/p><p><strong>EU-Streitschlichtung<\/strong><br \/>Die Europ\u00e4ische Kommission stellt eine Plattform zur Online-Streitbeilegung (OS) bereit:<br \/>https:\/\/ec.europa.eu\/consumers\/odr\/.<\/p><p>Unsere E-Mail-Adresse finden Sie oben im Impressum.<\/p><p><strong>Verbraucherstreitbeilegung\/Universalschlichtungsstelle<\/strong><br \/>Wir sind nicht bereit oder verpflichtet, an Streitbeilegungsverfahren vor einer<br \/>Verbraucherschlichtungsstelle teilzunehmen.<\/p><p><strong>Quelle:<\/strong><br \/><a href=\"https:\/\/www.e-recht24.de\/impressum-generator.html\" target=\"_blank\" rel=\"noopener\">https:\/\/www.e-recht24.de\/impressum-generator.html<\/a><\/p>\t\t\t\t\t\t\t\t<\/div>\n\t\t\t\t<\/div>\n\t\t\t\t\t<\/div>\n\t\t\t\t<\/div>\n\t\t\t\t<\/div>","protected":false},"excerpt":{"rendered":"<p>Impressum CS Diagnostics Pharma GmbHM\u00fcller-zu-Bruck-Str. 1283052 Bruckm\u00fchl Handelsregister: HRB 17610Registergericht: Amtsgericht Traunstein Vertreten durch:Thomas Fahrh\u00f6fer KontaktTelefon: +49 8062 728 0880E-Mail: service@cs-diagnostics.com EU-StreitschlichtungDie Europ\u00e4ische Kommission stellt eine Plattform zur Online-Streitbeilegung (OS) bereit:https:\/\/ec.europa.eu\/consumers\/odr\/. Unsere E-Mail-Adresse finden Sie oben im Impressum. Verbraucherstreitbeilegung\/UniversalschlichtungsstelleWir sind nicht bereit oder verpflichtet, an Streitbeilegungsverfahren vor einerVerbraucherschlichtungsstelle teilzunehmen. Quelle:https:\/\/www.e-recht24.de\/impressum-generator.html<\/p>","protected":false},"author":1,"featured_media":0,"parent":0,"menu_order":0,"comment_status":"closed","ping_status":"closed","template":"elementor_theme","meta":{"footnotes":""},"class_list":["post-3647","page","type-page","status-publish","hentry"],"_links":{"self":[{"href":"https:\/\/cs-diagnostics.com\/de\/wp-json\/wp\/v2\/pages\/3647","targetHints":{"allow":["GET"]}}],"collection":[{"href":"https:\/\/cs-diagnostics.com\/de\/wp-json\/wp\/v2\/pages"}],"about":[{"href":"https:\/\/cs-diagnostics.com\/de\/wp-json\/wp\/v2\/types\/page"}],"author":[{"embeddable":true,"href":"https:\/\/cs-diagnostics.com\/de\/wp-json\/wp\/v2\/users\/1"}],"replies":[{"embeddable":true,"href":"https:\/\/cs-diagnostics.com\/de\/wp-json\/wp\/v2\/comments?post=3647"}],"version-history":[{"count":12,"href":"https:\/\/cs-diagnostics.com\/de\/wp-json\/wp\/v2\/pages\/3647\/revisions"}],"predecessor-version":[{"id":3688,"href":"https:\/\/cs-diagnostics.com\/de\/wp-json\/wp\/v2\/pages\/3647\/revisions\/3688"}],"wp:attachment":[{"href":"https:\/\/cs-diagnostics.com\/de\/wp-json\/wp\/v2\/media?parent=3647"}],"curies":[{"name":"wp","href":"https:\/\/api.w.org\/{rel}","templated":true}]}}